{"id":41,"date":"2013-04-04T10:55:03","date_gmt":"2013-04-04T10:55:03","guid":{"rendered":"http:\/\/www.festivalsalserouv.com\/wp\/?page_id=41"},"modified":"2017-03-25T10:17:19","modified_gmt":"2017-03-25T10:17:19","slug":"exhibiciones","status":"publish","type":"page","link":"https:\/\/festivalsalserouv.sefuv.com\/?page_id=41","title":{"rendered":"Exhibiciones"},"content":{"rendered":"<div class=\"one-half\">\n<h3>Luis y Alba<\/h3>\n<p><img loading=\"lazy\" decoding=\"async\" class=\"alignleft wp-image-734 size-thumbnail\" src=\"https:\/\/festivalsalserouv.sefuv.com\/wp-content\/uploads\/2016\/03\/Luis-y-Alba-2-150x150.jpg\" alt=\"\" width=\"150\" height=\"150\" srcset=\"https:\/\/festivalsalserouv.sefuv.com\/wp-content\/uploads\/2016\/03\/Luis-y-Alba-2-150x150.jpg 150w, https:\/\/festivalsalserouv.sefuv.com\/wp-content\/uploads\/2016\/03\/Luis-y-Alba-2-300x300.jpg 300w, https:\/\/festivalsalserouv.sefuv.com\/wp-content\/uploads\/2016\/03\/Luis-y-Alba-2-768x768.jpg 768w, https:\/\/festivalsalserouv.sefuv.com\/wp-content\/uploads\/2016\/03\/Luis-y-Alba-2-900x900.jpg 900w, https:\/\/festivalsalserouv.sefuv.com\/wp-content\/uploads\/2016\/03\/Luis-y-Alba-2-100x100.jpg 100w, https:\/\/festivalsalserouv.sefuv.com\/wp-content\/uploads\/2016\/03\/Luis-y-Alba-2-60x60.jpg 60w, https:\/\/festivalsalserouv.sefuv.com\/wp-content\/uploads\/2016\/03\/Luis-y-Alba-2.jpg 960w\" sizes=\"auto, (max-width: 150px) 100vw, 150px\" \/>Luis Chavez, campe\u00f3n de Espa\u00f1a en 2007. En 2009 se hizo con la d\u00e9cima posici\u00f3n en el campeonato\u00a0del mundo en Miami. En 2012 fue cuarto en Salsa y 1 en Bachata en el campeonato\u00a0del mundo de Hong Kong y en 2014 qued\u00f3 3\u00ba en categor\u00eda de solista en este mismo\u00a0campeonato.<br \/>\nActualmente ha abierto una nueva academia \u00abLuis Chavez\u00bben el barrio de Malilla.<br \/>\nAlba Ib\u00e1\u00f1ez comienza su formaci\u00f3n en baile a los 13 a\u00f1os. Campeona de Espa\u00f1a de baile deportivo y subcampeona de Europa.. Bailarina en programas de televisi\u00f3n como \u00abVeo,Veo\u00bb de Teresa Rabal. Subcampeona de Espa\u00f1a en Danza Acrob\u00e1tica y Show Dance. Actualmente subcampeona mundial de salsa y campeona mundial de bachata en Hong Kong. Es profesora de ritmos latinos y t\u00e9cnica estilo chica. Directora del Grupo amateur \u00abLadys Alba Ib\u00e1\u00f1ez\u00bb<\/p>\n<p>Luis y Alba son directores y profesores de la Academia de baile Luis Ch\u00e1vez,en Valencia. Participan como profesores y bailarines\u00a0en diferentes eventos nacionales e internacionales.<\/p>\n<p>Actualmente son CAMPEONES MUNDIALES de salsa 2015, ganadores del World Salsa Masters,\u00a0y tambi\u00e9n tienen en su haber los siguientes logros :\u00a0\u00a0Campeones mundiales de Bachata y subcampeones de Salsa en el mundial Hong Kong world festival,\u00a0Campeones de Espa\u00f1a de Salsa 2015 y representantes de Espa\u00f1a en el World Latin Cup en Miami,\u00a0Campeones de Espa\u00f1a de Bachata y ganadores del Bachata Open 2015 .Concursantes del programa de televisi\u00f3n GOT TALENT 2016 de Telecinco.<\/p>\n<p><em>\u00abAlba Iba\u00f1ez Ladys Style\u00bb<\/em><br \/>\n<img decoding=\"async\" class=\"wp-image-825 size-thumbnail alignleft\" src=\"https:\/\/festivalsalserouv.sefuv.com\/wp-content\/uploads\/2016\/03\/GRUPO-ALBA-IBA\u00d1EZ-LADYS-STYLE-150x150.jpg\" alt=\" width=\" height=\"150\" srcset=\"https:\/\/festivalsalserouv.sefuv.com\/wp-content\/uploads\/2016\/03\/GRUPO-ALBA-IBA\u00d1EZ-LADYS-STYLE-150x150.jpg 150w, https:\/\/festivalsalserouv.sefuv.com\/wp-content\/uploads\/2016\/03\/GRUPO-ALBA-IBA\u00d1EZ-LADYS-STYLE-100x100.jpg 100w, https:\/\/festivalsalserouv.sefuv.com\/wp-content\/uploads\/2016\/03\/GRUPO-ALBA-IBA\u00d1EZ-LADYS-STYLE-60x60.jpg 60w\" sizes=\"(max-width: 150px) 100vw, 150px\" \/><br \/>\nCompuesto por chicas amateur de todas las edades ,con mucho talento,sensualidad y sabor.<br \/>\n<em><br \/>\n\u00bb L.A style\u00bb Academia Luis Chavez<\/em><\/p>\n<p><img loading=\"lazy\" decoding=\"async\" class=\" wp-image-826 aligncenter\" src=\"https:\/\/festivalsalserouv.sefuv.com\/wp-content\/uploads\/2016\/03\/GRUPO-\u00b4L.A.\u00b4-300x172.jpg\" alt=\"GRUPO \u00b4L.A.\u00b4\" width=\"215\" height=\"123\" srcset=\"https:\/\/festivalsalserouv.sefuv.com\/wp-content\/uploads\/2016\/03\/GRUPO-\u00b4L.A.\u00b4-300x172.jpg 300w, https:\/\/festivalsalserouv.sefuv.com\/wp-content\/uploads\/2016\/03\/GRUPO-\u00b4L.A.\u00b4-768x441.jpg 768w, https:\/\/festivalsalserouv.sefuv.com\/wp-content\/uploads\/2016\/03\/GRUPO-\u00b4L.A.\u00b4-900x517.jpg 900w, https:\/\/festivalsalserouv.sefuv.com\/wp-content\/uploads\/2016\/03\/GRUPO-\u00b4L.A.\u00b4.jpg 960w\" sizes=\"auto, (max-width: 215px) 100vw, 215px\" \/><br \/>\nActualmente subcampeones de Espa\u00f1a 2015 en agrupaciones de escuelas,representando Valencia en nombre de la Academia Luis Chavez.<\/p>\n<p><em>\u00abInfinity\u00bb<\/em><br \/>\n<img decoding=\"async\" class=\" wp-image-809 alignleft size-thumbnail \" src=\"https:\/\/festivalsalserouv.sefuv.com\/wp-content\/uploads\/2013\/04\/Compa\u00f1ia-luis-chavez-150x150.jpg\" alt=\"width=&quot;150&quot;\" height=\"150\" srcset=\"https:\/\/festivalsalserouv.sefuv.com\/wp-content\/uploads\/2013\/04\/Compa\u00f1ia-luis-chavez-150x150.jpg 150w, https:\/\/festivalsalserouv.sefuv.com\/wp-content\/uploads\/2013\/04\/Compa\u00f1ia-luis-chavez-100x100.jpg 100w, https:\/\/festivalsalserouv.sefuv.com\/wp-content\/uploads\/2013\/04\/Compa\u00f1ia-luis-chavez-60x60.jpg 60w\" sizes=\"(max-width: 150px) 100vw, 150px\" \/><br \/>\nNuevo proyecto de Luis Chavez. Grupo de baile de parejas semiprofesionales.<\/p>\n<p>&nbsp;<\/p>\n<h3>Estefan\u00eda y Pedro<\/h3>\n<p><a href=\"https:\/\/festivalsalserouv.sefuv.com\/wp-content\/uploads\/2013\/04\/pedro_estefania.jpg\"><img loading=\"lazy\" decoding=\"async\" class=\"alignleft size-thumbnail wp-image-537\" src=\"https:\/\/festivalsalserouv.sefuv.com\/wp-content\/uploads\/2013\/04\/pedro_estefania-150x150.jpg\" alt=\"pedro y estefania\" width=\"150\" height=\"150\" srcset=\"https:\/\/festivalsalserouv.sefuv.com\/wp-content\/uploads\/2013\/04\/pedro_estefania-150x150.jpg 150w, https:\/\/festivalsalserouv.sefuv.com\/wp-content\/uploads\/2013\/04\/pedro_estefania-510x506.jpg 510w, https:\/\/festivalsalserouv.sefuv.com\/wp-content\/uploads\/2013\/04\/pedro_estefania-100x100.jpg 100w, https:\/\/festivalsalserouv.sefuv.com\/wp-content\/uploads\/2013\/04\/pedro_estefania-60x60.jpg 60w\" sizes=\"auto, (max-width: 150px) 100vw, 150px\" \/><\/a>Titulaci\u00f3n superior de Danza en el itinerario de coreograf\u00eda e interpretaci\u00f3n. Conservatorio superior de Valencia.<br \/>\nSocios fundadores de la Asociaci\u00f3n sin \u00e1nimo de lucro, Al Son de Lliria.<br \/>\nCodirectores de la Escuela de Danza de Lliria.<br \/>\nColaboradores habituales de Coqui Club impartiendo talleres \u00a0de distinto nivel en eventos y escapadas.<br \/>\nClasificados en primer concurso Sala Asucar en 2009. Quintos clasificados en concurso Sala Asucar en 2010.<\/p>\n<p>Con m\u00e1s de 10 a\u00f1os de experiencia hemos sido miembros de las siguientes \u00a0compa\u00f1\u00edas de baile:<br \/>\nDiamon2: Compa\u00f1\u00eda de baile dirigida por Juan Pablo D\u00edaz y Cristina Verd\u00fa -5 veces campeones de Espa\u00f1a-. \u00a0Con esta compa\u00f1\u00eda hemos bailado en distintas ciudades de Espa\u00f1a y participado en World Salsa ChampionShip en 2009, quedando 9\u00ba del mundo representando a Espa\u00f1a en la categor\u00eda de Grupos.<br \/>\nBaraka Dance: 2012. Compa\u00f1\u00eda de baile dirigida por Pablo Teijeiro , bailar\u00edn y core\u00f3grafo de PYC Dance.<img loading=\"lazy\" decoding=\"async\" class=\"alignleft wp-image-865\" src=\"https:\/\/festivalsalserouv.sefuv.com\/wp-content\/uploads\/2016\/04\/IMG-20160415-WA0004-300x169.jpg\" alt=\"sonheritas\" width=\"183\" height=\"103\" srcset=\"https:\/\/festivalsalserouv.sefuv.com\/wp-content\/uploads\/2016\/04\/IMG-20160415-WA0004-300x169.jpg 300w, https:\/\/festivalsalserouv.sefuv.com\/wp-content\/uploads\/2016\/04\/IMG-20160415-WA0004-768x432.jpg 768w, https:\/\/festivalsalserouv.sefuv.com\/wp-content\/uploads\/2016\/04\/IMG-20160415-WA0004-1024x576.jpg 1024w, https:\/\/festivalsalserouv.sefuv.com\/wp-content\/uploads\/2016\/04\/IMG-20160415-WA0004-900x506.jpg 900w, https:\/\/festivalsalserouv.sefuv.com\/wp-content\/uploads\/2016\/04\/IMG-20160415-WA0004.jpg 1599w\" sizes=\"auto, (max-width: 183px) 100vw, 183px\" \/><\/p>\n<p>\u00ab<em>Sonheritas<\/em>\u00ab: \u00a0Ellas son diosas que bailan para amenizar cualquier tipo de celebraci\u00f3n, como en las antiguas civilizaciones la danza y el baile son s\u00edmbolo de alegr\u00eda y armon\u00eda, la liturgia del movimiento en grupo conduce a efectos cat\u00e1rticos desde el principio de los tiempos. Cual diosas en el pante\u00f3n griego las hijas de Eras, SonHeritas representan la fusi\u00f3n del esp\u00edritu latino con la transcendencia de la danza, as\u00ed pues en representaci\u00f3n de la Escuela de Danza de Lliria y con coreograf\u00eda de Estefan\u00eda Narb\u00f3n.<\/p>\n<h3>Ivan y Maria<\/h3>\n<p><a href=\"https:\/\/festivalsalserouv.sefuv.com\/wp-content\/uploads\/2013\/04\/IMG_8177-1.jpg\"><img loading=\"lazy\" decoding=\"async\" class=\"alignleft size-thumbnail wp-image-623\" src=\"https:\/\/festivalsalserouv.sefuv.com\/wp-content\/uploads\/2013\/04\/IMG_8177-1-150x150.jpg\" alt=\"Ivan y Maria\" width=\"150\" height=\"150\" \/><\/a>Ivan y Maria: Pareja formada hace 3 a\u00f1os, ambos empezaron siendo bailarines de baile deportivo durante unos 7 a\u00f1os aproximadamente. Comenzaron en el mundo de la salsa en compa\u00f1\u00eda de baile OMKARA, dirigida por Luis Chavez, durante 4 a\u00f1os.<br \/>\nDesde que bailan juntos han participado en campeonatos nacionales tanto de bachata como de salsa y participan en eventos de nivel tanto nacional como internacional impartiendo talleres y haciendo espect\u00e1culos.<\/p>\n<h3>Academia Giros<\/h3>\n<p>Nacho Medina, profesor de bailes latinos desde hace 10 a\u00f1os en la escuela de Giros Dance nos presenta su compa\u00f1\u00eda :<\/p>\n<p><img loading=\"lazy\" decoding=\"async\" class=\"alignleft wp-image-722 \" src=\"https:\/\/festivalsalserouv.sefuv.com\/wp-content\/uploads\/2016\/03\/IMG-20150514-WA0000-e1458001473499-300x190.jpg\" alt=\"\" width=\"168\" height=\"107\" srcset=\"https:\/\/festivalsalserouv.sefuv.com\/wp-content\/uploads\/2016\/03\/IMG-20150514-WA0000-e1458001473499-300x190.jpg 300w, https:\/\/festivalsalserouv.sefuv.com\/wp-content\/uploads\/2016\/03\/IMG-20150514-WA0000-e1458001473499-768x487.jpg 768w, https:\/\/festivalsalserouv.sefuv.com\/wp-content\/uploads\/2016\/03\/IMG-20150514-WA0000-e1458001473499-900x571.jpg 900w, https:\/\/festivalsalserouv.sefuv.com\/wp-content\/uploads\/2016\/03\/IMG-20150514-WA0000-e1458001473499.jpg 941w\" sizes=\"auto, (max-width: 168px) 100vw, 168px\" \/> <em>\u00abCompa\u00f1\u00eda\u00a0de salsa de giros dance\u00bb<\/em>\u00a0: Subcampeona en 2014 y terceros en el 2015 presenta la coreograf\u00eda \u00abacangana\u00bb salsa al tiempo 2 muy divertida y con mucha energ\u00eda.<\/p>\n<p><img loading=\"lazy\" decoding=\"async\" class=\"alignleft wp-image-721 \" src=\"https:\/\/festivalsalserouv.sefuv.com\/wp-content\/uploads\/2016\/03\/IMG-20160216-WA0052-e1458984626529-300x153.jpg\" alt=\"\" width=\"190\" height=\"97\" srcset=\"https:\/\/festivalsalserouv.sefuv.com\/wp-content\/uploads\/2016\/03\/IMG-20160216-WA0052-e1458984626529-300x153.jpg 300w, https:\/\/festivalsalserouv.sefuv.com\/wp-content\/uploads\/2016\/03\/IMG-20160216-WA0052-e1458984626529-768x391.jpg 768w, https:\/\/festivalsalserouv.sefuv.com\/wp-content\/uploads\/2016\/03\/IMG-20160216-WA0052-e1458984626529-1024x521.jpg 1024w, https:\/\/festivalsalserouv.sefuv.com\/wp-content\/uploads\/2016\/03\/IMG-20160216-WA0052-e1458984626529-900x458.jpg 900w, https:\/\/festivalsalserouv.sefuv.com\/wp-content\/uploads\/2016\/03\/IMG-20160216-WA0052-e1458984626529.jpg 1532w\" sizes=\"auto, (max-width: 190px) 100vw, 190px\" \/><\/p>\n<p><em>\u00abWorld Team Project Johnny Vazquez\u00bb: <\/em> Nuevo proyecto de la academia Giros,coreograf\u00eda de salsa solo de chicos bailado a tiempo 1 al m\u00e1s estilo Los \u00c1ngeles. Coreograf\u00eda hecha por Jhonny Vazquez, \u00abEl Pr\u00edncipe de la Salsa\u00bb.<\/p>\n<p><img loading=\"lazy\" decoding=\"async\" class=\"alignleft wp-image-777 \" src=\"https:\/\/festivalsalserouv.sefuv.com\/wp-content\/uploads\/2016\/03\/IMG-20160312-WA0007-300x178.jpg\" alt=\"\" width=\"180\" height=\"107\" srcset=\"https:\/\/festivalsalserouv.sefuv.com\/wp-content\/uploads\/2016\/03\/IMG-20160312-WA0007-300x178.jpg 300w, https:\/\/festivalsalserouv.sefuv.com\/wp-content\/uploads\/2016\/03\/IMG-20160312-WA0007.jpg 716w\" sizes=\"auto, (max-width: 180px) 100vw, 180px\" \/><\/p>\n<p><em>\u00abG-SHAKERS\u00bb:\u00a0<\/em>Compa\u00f1\u00eda\u00a0de hip hop cuarta en la categor\u00eda absoluta de Espa\u00f1a 2015, presenta el nuevo show con el que participaran este a\u00f1o esperamos que tengan much\u00edsima suerte.<\/p>\n<p>&nbsp;<\/p>\n<h3>Daniel y Mar\u00eda<\/h3>\n<p><img loading=\"lazy\" decoding=\"async\" class=\"alignleft size-thumbnail wp-image-684\" src=\"https:\/\/festivalsalserouv.sefuv.com\/wp-content\/uploads\/2016\/02\/Daniel-y-maria-150x150.jpg\" alt=\"Daniel y maria\" width=\"150\" height=\"150\" srcset=\"https:\/\/festivalsalserouv.sefuv.com\/wp-content\/uploads\/2016\/02\/Daniel-y-maria-150x150.jpg 150w, https:\/\/festivalsalserouv.sefuv.com\/wp-content\/uploads\/2016\/02\/Daniel-y-maria-100x100.jpg 100w, https:\/\/festivalsalserouv.sefuv.com\/wp-content\/uploads\/2016\/02\/Daniel-y-maria-60x60.jpg 60w\" sizes=\"auto, (max-width: 150px) 100vw, 150px\" \/><br \/>\nBailarines formados por bailarines profesionales tanto nacionales como internacionales. Esta pareja comenz\u00f3 su andadura hace tan solo un a\u00f1o y con su primer trabajo ya han actuado en diversos eventos, congresos y competiciones nacionales.<\/p>\n<p>&nbsp;<\/p>\n<\/div>\n<div class=\"one-half last\">\n<p>&nbsp;<\/p>\n<h3>Mambo Brothers<\/h3>\n<p><img loading=\"lazy\" decoding=\"async\" class=\"alignleft wp-image-724 \" src=\"https:\/\/festivalsalserouv.sefuv.com\/wp-content\/uploads\/2016\/03\/Maria-y-Jordi-150x150.jpg\" alt=\"\" width=\"106\" height=\"106\" srcset=\"https:\/\/festivalsalserouv.sefuv.com\/wp-content\/uploads\/2016\/03\/Maria-y-Jordi-150x150.jpg 150w, https:\/\/festivalsalserouv.sefuv.com\/wp-content\/uploads\/2016\/03\/Maria-y-Jordi-300x300.jpg 300w, https:\/\/festivalsalserouv.sefuv.com\/wp-content\/uploads\/2016\/03\/Maria-y-Jordi-100x100.jpg 100w, https:\/\/festivalsalserouv.sefuv.com\/wp-content\/uploads\/2016\/03\/Maria-y-Jordi-60x60.jpg 60w, https:\/\/festivalsalserouv.sefuv.com\/wp-content\/uploads\/2016\/03\/Maria-y-Jordi.jpg 720w\" sizes=\"auto, (max-width: 106px) 100vw, 106px\" \/>Marina y Jordi Garcia (Mambo Brothers) llevan 15 a\u00f1os como instructores de Bailes de Sal\u00f3n y Latinos. Imparten clases a m\u00e1s de 150 alumnos en Valencia y alrededores y, aunque su especialidad es la salsa y el cha cha cha, ense\u00f1an otros ritmos como el Rock, Pasodoble, Bolero, Swing, Fox, Bachata etc.<\/p>\n<p>Organizadores del segundo evento \u201cValencia Salsa Congres\u201d celebrado el pasado Diciembre de 2015, nos presentan \u00a0sus \u00a0compa\u00f1\u00edas:<\/p>\n<p><em>\u201cCon Sabor y Sentimiento\u201d<\/em><br \/>\n<a href=\"https:\/\/festivalsalserouv.sefuv.com\/wp-content\/uploads\/2013\/10\/Con-Sabor-y-Sentimiento.jpg\"><img loading=\"lazy\" decoding=\"async\" class=\"alignnone size-thumbnail wp-image-476\" src=\"https:\/\/festivalsalserouv.sefuv.com\/wp-content\/uploads\/2013\/10\/Con-Sabor-y-Sentimiento-150x147.jpg\" alt=\"Con Sabor y Sentimiento\" width=\"150\" height=\"147\" srcset=\"https:\/\/festivalsalserouv.sefuv.com\/wp-content\/uploads\/2013\/10\/Con-Sabor-y-Sentimiento-150x147.jpg 150w, https:\/\/festivalsalserouv.sefuv.com\/wp-content\/uploads\/2013\/10\/Con-Sabor-y-Sentimiento-60x60.jpg 60w\" sizes=\"auto, (max-width: 150px) 100vw, 150px\" \/><\/a><br \/>\n<em>\u00abCombo Yeira\u00bb \u00a0<\/em>Alumnos de Marina y Miguel de la Escuela + Que Baile de La Vall d&#8217;Uix\u00f2<em>\u00bb \u00a0<\/em><img loading=\"lazy\" decoding=\"async\" class=\"alignleft wp-image-477 \" src=\"https:\/\/festivalsalserouv.sefuv.com\/wp-content\/uploads\/2013\/10\/Mambo-Brothers-Ladies.jpg\" alt=\"\" width=\"165\" height=\"110\" \/><\/p>\n<h3>Sergi Mart\u00ed<\/h3>\n<p><img loading=\"lazy\" decoding=\"async\" class=\"alignleft size-thumbnail wp-image-662\" src=\"https:\/\/festivalsalserouv.sefuv.com\/wp-content\/uploads\/2016\/02\/Sergi-Marta-150x150.jpg\" alt=\"Sergi Marta\" width=\"150\" height=\"150\" srcset=\"https:\/\/festivalsalserouv.sefuv.com\/wp-content\/uploads\/2016\/02\/Sergi-Marta-150x150.jpg 150w, https:\/\/festivalsalserouv.sefuv.com\/wp-content\/uploads\/2016\/02\/Sergi-Marta-100x100.jpg 100w, https:\/\/festivalsalserouv.sefuv.com\/wp-content\/uploads\/2016\/02\/Sergi-Marta-60x60.jpg 60w\" sizes=\"auto, (max-width: 150px) 100vw, 150px\" \/>Sergi Marti,comenz\u00f3 a formarse en bailes latinos en el 1998. Tambi\u00e9n se ha formado en workshops de mambo y pachanga en diferentes congresos con los maestros Eddie Torres, Adolfo Indacochea, Juan Matos, Yamule,entre otros. Form\u00f3 pareja con Marta Pe\u00f1as. Actualmente imparten clases y talleres en congresos y realizan shows.<\/p>\n<h3>Jorge e Ilu<\/h3>\n<p>Jorge e Ilu. Pareja de baile desde hace 4 a\u00f1os. Comenzaron su andadura en el mundo del baile a trav\u00e9s de la disciplina del Baile Deportivo. Jorge ha obtenido la m\u00e1xima categor\u00eda en Standar y Latino, tras formarse como bailar\u00edn con su entrenadora Piedra Escrita Medina (varias veces campeona de Espa\u00f1a y 3\u00aa del mundo).<br \/>\nHa sido profesor de baile social varios a\u00f1os en la Escuela de Baile \u00abDANCING\u00bb de Ontinyent.<img loading=\"lazy\" decoding=\"async\" class=\"alignleft size-thumbnail wp-image-711\" src=\"https:\/\/festivalsalserouv.sefuv.com\/wp-content\/uploads\/2016\/03\/DSC_8610-150x150.jpg\" alt=\"Jorge e Ilu 2\" width=\"150\" height=\"150\" srcset=\"https:\/\/festivalsalserouv.sefuv.com\/wp-content\/uploads\/2016\/03\/DSC_8610-150x150.jpg 150w, https:\/\/festivalsalserouv.sefuv.com\/wp-content\/uploads\/2016\/03\/DSC_8610-100x100.jpg 100w, https:\/\/festivalsalserouv.sefuv.com\/wp-content\/uploads\/2016\/03\/DSC_8610-60x60.jpg 60w\" sizes=\"auto, (max-width: 150px) 100vw, 150px\" \/><br \/>\nDesde hace 4 a\u00f1os, Jorge e Ilu reciben clases de salsa y t\u00e9cnica con Juan Jim\u00e9nez, su actual core\u00f3grafo, el cual les ha contagiado su pasi\u00f3n por esta disciplina. Actualmente son profesores de salsa y bachata, en la Asociaci\u00f3n de Bailes de Sal\u00f3n de Ontinyent. Adem\u00e1s participan en eventos, imparten talleres de baile y hacen espect\u00e1culos.<\/p>\n<h3>Escuela de Baile \u00abEl Palau\u00bb<\/h3>\n<p><img loading=\"lazy\" decoding=\"async\" class=\"alignleft size-thumbnail wp-image-726\" src=\"https:\/\/festivalsalserouv.sefuv.com\/wp-content\/uploads\/2016\/03\/Gema-Jimenez-El-palau-150x150.jpg\" alt=\"Gema Jimenez El palau\" width=\"150\" height=\"150\" srcset=\"https:\/\/festivalsalserouv.sefuv.com\/wp-content\/uploads\/2016\/03\/Gema-Jimenez-El-palau-150x150.jpg 150w, https:\/\/festivalsalserouv.sefuv.com\/wp-content\/uploads\/2016\/03\/Gema-Jimenez-El-palau-100x100.jpg 100w, https:\/\/festivalsalserouv.sefuv.com\/wp-content\/uploads\/2016\/03\/Gema-Jimenez-El-palau-60x60.jpg 60w\" sizes=\"auto, (max-width: 150px) 100vw, 150px\" \/><\/p>\n<p>Gema Jimenez, Bailarina profesional, y 18 a\u00f1os dirigiendo el club de baile \u201cel palau\u201d, ha sido integrante de ballet Areito, Danza \u00d1\u00e1\u00f1iga, Mambo in action, y actualmente forma parte de la compa\u00f1\u00eda Sonfussi\u00f3n. Con su grupo de chicas, presenta un show con fusi\u00f3n de diferentes ritmos.<\/p>\n<p>&nbsp;<\/p>\n<h3>Magic Ladies<\/h3>\n<p>Carmen Lorente : Trabaja durante 4 a\u00f1os en Canal 9, en programas musicales como cuerpo de baile.\u00a0Forma parte del Ballet Cubano Areito, a cargo del core\u00f3grafo Nelson Romero. Adquiere parte de su formaci\u00f3n con el core\u00f3grafo Tony \u00a0Escart\u00edn.\u00a0<img loading=\"lazy\" decoding=\"async\" class=\"alignleft wp-image-883\" src=\"https:\/\/festivalsalserouv.sefuv.com\/wp-content\/uploads\/2016\/04\/magic-ladies-300x201.jpg\" alt=\"magic ladies\" width=\"188\" height=\"126\" srcset=\"https:\/\/festivalsalserouv.sefuv.com\/wp-content\/uploads\/2016\/04\/magic-ladies-300x201.jpg 300w, https:\/\/festivalsalserouv.sefuv.com\/wp-content\/uploads\/2016\/04\/magic-ladies-768x514.jpg 768w, https:\/\/festivalsalserouv.sefuv.com\/wp-content\/uploads\/2016\/04\/magic-ladies-900x603.jpg 900w, https:\/\/festivalsalserouv.sefuv.com\/wp-content\/uploads\/2016\/04\/magic-ladies.jpg 960w\" sizes=\"auto, (max-width: 188px) 100vw, 188px\" \/>Posteriormente viaja a New York para integrar el baile del mambo y otros tipos de danza a su ya amplio conocimiento.\u00a0Su formaci\u00f3n del mambo le agranda como pareja de Jayson Molina \u00a0que le aporta el baile puertorrique\u00f1o, juntos tienen grandes actuaciones y trabajos en Roma y Puerto Rico, actuando en numerosos Congresos de Salsa por todo el mundo.\u00a0M\u00e1s adelante forma parte del grupo Imperio Azteca del mejicano Johny Vazquez, junto a Ram\u00f3n Morales y Marta Gonzalez, de ah\u00ed su elevada formaci\u00f3n en salsa estilo Los Angeles.\u00a0Constituye su propia academia, Magic Dance \u00a0y crea las compa\u00f1\u00edas Magic Dance, Son Fussion , Magic Ladies y Magic Girls. Y aunque dirigi\u00f3 junto con Alesx Sieff la Show Dance Studio, vuelve a crear \u00a0en el mismo paseo de la Pechina su propia Escuela de Danza \u201cMAGIC DANCE\u201d<\/p>\n<p>&nbsp;<\/p>\n<h3>Andr\u00e9s y Andrea<\/h3>\n<p>Andr\u00e9s empez\u00f3 en el mundo latino en 2004 form\u00e1ndose con Salvador Peir\u00f3, y continu\u00f3 su formaci\u00f3n en otras academias y clases particulares para evolucionar en su formaci\u00f3n.Fue componente de la compa\u00f1\u00eda de baile \u00abPunto Salsero\u00bb y de ah\u00ed pas\u00f3 a la que seg\u00fan \u00e9l le ha dado m\u00e1s condiciones y le ha perfeccionado como bailar\u00edn al lado de Luis Chavez con \u00abOmkara Dance Company\u00bb. Aqu\u00ed conoce a Andrea. Actualmente imparte clases en la academias de: Luis Chavez, Pr Moviments De Papa Rumba en Castell\u00f3n, en Rumbache Ramon y Pilar. Bailarin y core\u00f3grafo del grupo \u00abXeyembe.\u00bb<img loading=\"lazy\" decoding=\"async\" class=\"alignleft size-thumbnail wp-image-751\" src=\"https:\/\/festivalsalserouv.sefuv.com\/wp-content\/uploads\/2016\/03\/Andres-y-Andrea1-150x150.jpg\" alt=\"Andres y Andrea1\" width=\"150\" height=\"150\" srcset=\"https:\/\/festivalsalserouv.sefuv.com\/wp-content\/uploads\/2016\/03\/Andres-y-Andrea1-150x150.jpg 150w, https:\/\/festivalsalserouv.sefuv.com\/wp-content\/uploads\/2016\/03\/Andres-y-Andrea1-100x100.jpg 100w, https:\/\/festivalsalserouv.sefuv.com\/wp-content\/uploads\/2016\/03\/Andres-y-Andrea1-60x60.jpg 60w\" sizes=\"auto, (max-width: 150px) 100vw, 150px\" \/><\/p>\n<p><span style=\"line-height: 1.5;\">Andrea empez\u00f3 en el mundo del baile desde peque\u00f1a teniendo en su haber cursos de contempor\u00e1neo ,\u00a0cl\u00e1sico y espa\u00f1ol. Pero es el mundo latino el que la cautiv\u00f3 y comenz\u00f3 sus pasos en la academia de Luis Chavez.\u00a0Fue pareja por un tiempo de Luis Chavez y es una artista todo terreno ya que ha bailado diferentes\u00a0 estilos de baile en todos los escenarios. \u00a0<\/span><br \/>\n<span style=\"line-height: 1.5;\"> Andr\u00e9s y Andrea se unieron como pareja de baile en el a\u00f1o 2011. Reconocidos bailarines de Bachata a nivel nacional, han estado en concursos como el bachataopen internacional en el 2012 el pasos libres internacional 2014,y much\u00edsimos congresos y eventos de importancia.\u00a0Juntos imparten clases de baile \u00a0en \u00a0congresos a nivel nacional.<\/span><\/p>\n<p><em>\u00abGrupo de Alumnos de Andres Navarro Escuela P R Moviments y Luis Chavez\u00bb<\/em><img loading=\"lazy\" decoding=\"async\" class=\"alignleft wp-image-786 \" src=\"https:\/\/festivalsalserouv.sefuv.com\/wp-content\/uploads\/2016\/03\/IMG-20160314-WA0005-300x194.jpg\" alt=\"\" width=\"190\" height=\"123\" srcset=\"https:\/\/festivalsalserouv.sefuv.com\/wp-content\/uploads\/2016\/03\/IMG-20160314-WA0005-300x194.jpg 300w, https:\/\/festivalsalserouv.sefuv.com\/wp-content\/uploads\/2016\/03\/IMG-20160314-WA0005.jpg 720w\" sizes=\"auto, (max-width: 190px) 100vw, 190px\" \/><\/p>\n<p>Andr\u00e9s nos presenta una coreograf\u00eda con su grupo de alumnos no profesionales con los que tambi\u00e9n baila.<br \/>\n&nbsp;<\/p>\n<p>&nbsp;<\/p>\n<p>&nbsp;<\/p>\n<\/div>\n<div class=\"clearfix\"><\/div>\n","protected":false},"excerpt":{"rendered":"<p>Luis y Alba Luis Chavez, campe\u00f3n de Espa\u00f1a en 2007. En 2009 se hizo con la d\u00e9cima posici\u00f3n en el campeonato\u00a0del mundo en Miami. En 2012 fue cuarto en Salsa y 1 en Bachata en el campeonato\u00a0del mundo de Hong Kong y en 2014 qued\u00f3&hellip;<\/p>\n","protected":false},"author":1,"featured_media":0,"parent":0,"menu_order":0,"comment_status":"closed","ping_status":"closed","template":"template_fullwidth.php","meta":{"footnotes":""},"class_list":["post-41","page","type-page","status-publish","hentry"],"_links":{"self":[{"href":"https:\/\/festivalsalserouv.sefuv.com\/index.php?rest_route=\/wp\/v2\/pages\/41","targetHints":{"allow":["GET"]}}],"collection":[{"href":"https:\/\/festivalsalserouv.sefuv.com\/index.php?rest_route=\/wp\/v2\/pages"}],"about":[{"href":"https:\/\/festivalsalserouv.sefuv.com\/index.php?rest_route=\/wp\/v2\/types\/page"}],"author":[{"embeddable":true,"href":"https:\/\/festivalsalserouv.sefuv.com\/index.php?rest_route=\/wp\/v2\/users\/1"}],"replies":[{"embeddable":true,"href":"https:\/\/festivalsalserouv.sefuv.com\/index.php?rest_route=%2Fwp%2Fv2%2Fcomments&post=41"}],"version-history":[{"count":149,"href":"https:\/\/festivalsalserouv.sefuv.com\/index.php?rest_route=\/wp\/v2\/pages\/41\/revisions"}],"predecessor-version":[{"id":832,"href":"https:\/\/festivalsalserouv.sefuv.com\/index.php?rest_route=\/wp\/v2\/pages\/41\/revisions\/832"}],"wp:attachment":[{"href":"https:\/\/festivalsalserouv.sefuv.com\/index.php?rest_route=%2Fwp%2Fv2%2Fmedia&parent=41"}],"curies":[{"name":"wp","href":"https:\/\/api.w.org\/{rel}","templated":true}]}}