{"id":291,"date":"2013-04-25T10:06:49","date_gmt":"2013-04-25T10:06:49","guid":{"rendered":"http:\/\/www.festivalsalserouv.com\/wp\/?page_id=291"},"modified":"2017-01-19T08:31:31","modified_gmt":"2017-01-19T08:31:31","slug":"descripcion-de-talleres","status":"publish","type":"page","link":"https:\/\/festivalsalserouv.sefuv.com\/?page_id=291","title":{"rendered":"Descripci\u00f3n de Talleres"},"content":{"rendered":"<div class=\"toggle-container rounded-all\"><a href=\"#\" class=\"toggle\"><span class=\"toggle-sign rounded-all\"><\/span><span class=\"toggle-title\">Bachata<\/span><\/a><\/p>\n<div class=\"toggle-content rounded-bottom\">\n<div id=\"_mcePaste\">La bachata es un ritmo dominicano considerado por muchos como un primo cercano del bolero, con una mezcla de ritmos africanos, tango y cha cha cha.<\/div>\n<div id=\"_mcePaste\">La palabra bachata, a principios del siglo XX era conocida como reuni\u00f3n, baile, juerga, jolgorio, ya que cuando uno era invitado a una bachata, sab\u00eda que ir\u00eda a un lugar donde habr\u00edan mujeres, bebidas, comida y una gran variedad de ritmos para bailar. El nombre\u201d bachata\u201d, designaba m\u00e1s que un baile, una actividad social, divertida, emocionante y siempre alegre, a la que todos quer\u00edan concurrir.<\/div>\n<div id=\"_mcePaste\">En sus comienzos se lo consideraba como un ritmo callejero m\u00e1s, escuchado en su mayor\u00eda por la clase media pobre en la Rep\u00fablica Dominicana, pero a mediados de los a\u00f1os 80, con la mega expansi\u00f3n de los medios de difusi\u00f3n, este g\u00e9nero musical traspas\u00f3 las fronteras de Latinoam\u00e9rica y luego lleg\u00f3 al mundo entero.<\/div>\n<div id=\"_mcePaste\">Gracias a artistas del calibre de Juan Luis Guerra y V\u00edctor V\u00edctor a mediados de los 80 y principios de los 90, este ritmo traspas\u00f3 tambi\u00e9n las fronteras sociales del pa\u00eds llegando a todos los habitantes r\u00e1pidamente<\/div>\n<div id=\"_mcePaste\">Al baile de la bachata se los considera uno de los m\u00e1s alegres y bastante simple de aprender ya que consiste principalmente en pasos que van de adelante hacia atr\u00e1s, y de un costado al otro, concentr\u00e1ndose principalmente en el movimiento sensual del cuerpo y de la cadera<\/div>\n<\/div>\n<\/div>\n<div class=\"toggle-container rounded-all\"><a href=\"#\" class=\"toggle\"><span class=\"toggle-sign rounded-all\"><\/span><span class=\"toggle-title\">Salsa on 2<\/span><\/a><\/p>\n<div class=\"toggle-content rounded-bottom\">\nEn este estilo, los cambios de direcci\u00f3n al bailar se realizan en el segundo tiempo del comp\u00e1s y de ahi el nombre \u00aben 2\u00bb. Existe el estilo New York, donde el hombre comienza atr\u00e1s, o el estilo Puerto Rico, donde el hombre comienza delante.<br \/>\nLa diferencia entre bailar salsa en 2 y bailar salsa en 1 tiene que ver con la manera en que se enfatiza el ritmo en la ejecuci\u00f3n de los pasos. En la salsa en 2 se enfatiza el segundo tiempo del comp\u00e1s mientras que en la salsa en 1 se enfatiza el primer tiempo.\n<\/div>\n<\/div>\n<div class=\"toggle-container rounded-all\"><a href=\"#\" class=\"toggle\"><span class=\"toggle-sign rounded-all\"><\/span><span class=\"toggle-title\">Musicalidad<\/span><\/a><\/p>\n<div class=\"toggle-content rounded-bottom\">\n\u00abMusicalidad y Ritmica para Bailar Salsa\u201d aprende a conectar tus pies con la musica y descubre los secretos y trucos que te ayudar\u00e1n a bailar en el tiempo musical que quieras\n<\/div>\n<\/div>\n<div class=\"toggle-container rounded-all\"><a href=\"#\" class=\"toggle\"><span class=\"toggle-sign rounded-all\"><\/span><span class=\"toggle-title\">Pachanga<\/span><\/a><\/p>\n<div class=\"toggle-content rounded-bottom\">\nLa Pachanga surge a finales de los 50 en Cuba como una combinaci\u00f3n de ritmos que envuelven el Merengue, el Son Montuno, el Mambo y otros ritmos tropicales candentes.La pachanga pas\u00f3 al n\u00famero uno de las listas nacionales de la radio cubana y r\u00e1pidamente se difundi\u00f3 por todo el Caribe.<br \/>\nLa pachanga lleg\u00f3 a Nueva York, a trav\u00e9s de las orquestas de charangas como la Orquesta Arag\u00f3n.Una de las primeras orquestas que interpretaron La pachanga en Nueva York fue la charanga de \u00abJos\u00e9 Fajardo y sus Estrellas\u00bb (1919-2001).6 A principios de 1960, en Nueva York y la Costa Este de Estados Unidos, la pachanga super\u00f3 en popularidad al chachach\u00e1.<br \/>\nComo baile es bien caracteristico por su forma de mover las piernas y el cuerpo.\n<\/div>\n<\/div>\n<div class=\"toggle-container rounded-all\"><a href=\"#\" class=\"toggle\"><span class=\"toggle-sign rounded-all\"><\/span><span class=\"toggle-title\">Pasos libres<\/span><\/a><\/p>\n<div class=\"toggle-content rounded-bottom\">\nLos pasos libres o shines, son movimientos que se bailan sin pareja. Es el momento en el baile donde el bailador baila su interpretaci\u00f3n individual de la m\u00fasica.<br \/>\nLos pasos libres sirven a la autoexpresi\u00f3n de cada bailar\u00edn y pueden ser ejecutados tanto como improvisaciones o como coreograf\u00edas art\u00edsticas de t\u00e9cnicas de pies.\n<\/div>\n<\/div>\n<div class=\"toggle-container rounded-all\"><a href=\"#\" class=\"toggle\"><span class=\"toggle-sign rounded-all\"><\/span><span class=\"toggle-title\">Rueda de casino<\/span><\/a><\/p>\n<div class=\"toggle-content rounded-bottom\">\n<p>Para conocer el origen del Casino hay que remontarse al siglo XVIII cuando las danzas de moda europeas se introducen en Cuba y tras un proceso de adaptaci\u00f3n y criollizaci\u00f3n dio lugar a los diferentes bailes de sal\u00f3n netamente cubanos. Entre estas danzas europeas destaca la Contradanza que aport\u00f3 el elemento m\u00e1s importante: El paso b\u00e1sico, consistente en avanzar o retroceder 4 tiempos musicales. Otro elemento que aport\u00f3 es el personaje del \u201cBastonero\u201d un maestro bailar\u00edn que dirig\u00eda, ordenaba y coreografiaba a las parejas para ejecutar las figuras de baile. As\u00ed mismo la contradanza se ejecutaba en posici\u00f3n de baile social abierto donde el hombre toma en su mano izquierda la derecha de la mujer quedando ambos de lado.<\/p>\n<p>Con la aparici\u00f3n de la Danza en el siglo XIX se pasa del baile grupal a parejas sueltas y con la influencia del Vals el hombre se coloca de frente a la pareja pero manteni\u00e9ndose el mismo paso b\u00e1sico heredado de la contradanza. Esta disposici\u00f3n de la pareja se utilizar\u00e1 en todos los bailes de sal\u00f3n cubanos que fueron emergiendo.<\/p>\n<p>A finales del siglo XIX surge el Danz\u00f3n que dar\u00e1 un giro en los movimientos corporales y en las coreograf\u00edas. Pronto aparecer\u00e1 desde los suburbios el Son, que a principios del siglo XX acabar\u00e1 imponi\u00e9ndose en los elegantes salones aportando grandes cambios r\u00edtmicos. La cercana aparici\u00f3n del Chachach\u00e1 en los a\u00f1os 50 como evoluci\u00f3n del Danz\u00f3n aportar\u00e1 el retorno a la posici\u00f3n de pareja de baile social abierto y aunque ya en el son y en el danz\u00f3n se utilizaba la rueda , fue definitivamente con el chachach\u00e1 el aporte que revolucionar\u00eda el baile de sal\u00f3n cubano donde unas de sus figuras mas significativas \u00a0es el abrir y cerrar de la pareja popularmente llamado pa\u00b4 t\u00ed pa\u00b4m\u00ed.<\/p>\n<p>A mediados de la d\u00e9cada de los cincuenta ya se han gestado los primeros elementos que conformaran el casino como un nuevo estilo de baile de sal\u00f3n cubano, teniendo como principales espacios para su configuraci\u00f3n las sociedades de recreo, los clubes, casinos o salones de baile donde actuaban las principales agrupaciones de m\u00fasica popular m\u00e1s famosas en esa \u00e9poca.<\/p>\n<p>Comienza a reproducirse el fen\u00f3meno del c\u00edrculo de parejas interdependientes, este fen\u00f3meno ocurri\u00f3 en el Club Casino Deportivo, \u00a0y tuvo gran acogida entre la juventud y r\u00e1pidamente fue imitado en otros clubes: En este proceso de expansi\u00f3n empez\u00f3 a difundirse las frases, \u201cvamos a hacer la rueda como en el Casino\u201d o \u201cvamos a hacer la rueda del Casino\u201d.<\/p>\n<p>El casino tiene una gran importancia pues es el \u00faltimo baile de sal\u00f3n cubano creado por el pueblo, donde confluyen diversos elementos aportados por sus antecesores mediante un proceso evolutivo.<\/p>\n<p>Biograf\u00eda : \u201cSALSA Y CASINO\u201d \u00a0BARBARA BALBUENA GUTIERREZ<\/p>\n<\/div>\n<\/div>\n<div class=\"toggle-container rounded-all\"><a href=\"#\" class=\"toggle\"><span class=\"toggle-sign rounded-all\"><\/span><span class=\"toggle-title\">Rumba<\/span><\/a><\/p>\n<div class=\"toggle-content rounded-bottom\">\n<p>La rumba es, adem\u00e1s de un estilo de baile cubano, un complejo musical de ra\u00edz africana.<\/p>\n<p>La rumba es un t\u00e9rmino colectivo que engloba una gran variedad de formas de baile hist\u00f3ricas y presentes en Cuba, las cuales ya se conoc\u00edan desde el s. XVIII. Muchas de las formas que posteriormente se desarrollaron fueron limitadas solamente a Cuba. Las plantaciones de ca\u00f1a de az\u00facar en La Habana y Matanzas fueron los centros principales de evoluci\u00f3n de la rumba. Los elementos caracter\u00edsticos de este baile abierto de pareja, con figuras de baile a menudo complicadas, son los movimientos de cadera y de pelvis basados en la tradici\u00f3n africana.<\/p>\n<p>Existen tres tipos de rumba o palos de la rumba como en algunas ocasiones se le llaman: el Yamb\u00fa, la Columbia de la regi\u00f3n de Matanzas y el Guaguanc\u00f3, de la Habana<\/p>\n<p>Los Instrumentos para tocar la rumba son: tumbadoras, instrumento de origen cubano, y en este caso se utilizan tres. Las turbadoras \u00abla prima\u00bb y \u00abel segundo\u00bb marcan el ritmo b\u00e1sico, la tercera, llamada \u00abquinto\u00bb, da los golpes improvisados o \u00abfloreos\u00bb dirigidos a los bailarines. Tambi\u00e9n se utiliza la clave<\/p>\n<p>La Rumba se caracteriza por sus movimientos er\u00f3ticos y a veces grotescos. El ritmo se desarrolla en medio comp\u00e1s de 4&#215;4, es decir, en dos tiempos. En el primer tiempo se dan dos pasos de medio tiempo cada uno (r\u00e1pidos) y en el segundo se da un solo paso (lento). Este paso lento se da en medio tiempo y en el medio tiempo siguiente no se da paso, pero la pelvis sigue movi\u00e9ndose para marcar la cadera de la pierna que se acaba de mover.<\/p>\n<p><span style=\"background-color: #ffffee;\"><\/div>\n<\/div>\n<p><\/span><\/p>\n<div class=\"toggle-container rounded-all\"><a href=\"#\" class=\"toggle\"><span class=\"toggle-sign rounded-all\"><\/span><span class=\"toggle-title\">Salsa Cubana \/ Casino<\/span><\/a><\/p>\n<div class=\"toggle-content rounded-bottom\">\n<p>A diferencia de la gran mayor\u00eda de estilos de salsa, el estilo cubano se baila de forma no lineal, sino en forma circular. Como decimos, los giros de las parejas de baile alrededor de un punto central com\u00fan es la principal caracter\u00edstica de este estilo. Adem\u00e1s, la chica casi nunca se suelta del compa\u00f1ero, lo que \u201crelativamente\u201d deja poco espacio libre para interpretaciones propias en el baile.<\/p>\n<p>El estilo cubano tambi\u00e9n se ha llamado estilo \u201ccasino\u201d o \u201cde la calle\u201d, debido a la procedencia de la salsa cubana, que se baila tanto en elegantes casinos de la Habana, como en los barrios y campos rurales m\u00e1s humildes de la isla.<\/p>\n<p>Fue bailado originalmente \u00aben 2\u00bb (son) y \u00aben 3\u00bb (salsa); sin embargo, en las regiones occidentales generalmente (fue bailado) \u00aben 1\u00bb.<\/p>\n<p>Se tiene que considerar que como es un estilo callejero es muy noble y f\u00e1cil de aprender y sobre tiene presencia. En muchos lugares de baile del mundo puedes encontrar gente bailando este estilo de salsa, porque es un estilo que es libre no tiene que seguir reglas al pie de la letra y hace que la gente se divierta, siendo el estilo cubano uno de los mas f\u00e1ciles para su aprendizaje, a diferencia de sus hermanos que son divertidos tambi\u00e9n, pero tienes que seguir la t\u00e9cnica al pie de la letra y se hace a veces mon\u00f3tono buscando nuevas alternativas para salir de la monoton\u00eda sobre todo en presentaciones y concursos. Por eso el estilo cubano es uno de los preferidos de la gente, es muy f\u00e1cil y divertido de aprender.<\/p>\n<\/div>\n<\/div>\n<div class=\"toggle-container rounded-all\"><a href=\"#\" class=\"toggle\"><span class=\"toggle-sign rounded-all\"><\/span><span class=\"toggle-title\">Salsa en linea<\/span><\/a><\/p>\n<div class=\"toggle-content rounded-bottom\">\n<p>La salsa en l\u00ednea es una forma de distribuir y ejecutar los pasos y figuras en el baile de la salsa. En la salsa en l\u00ednea, los bailarines bailan a lo largo de una l\u00ednea recta imaginaria. Ejecutan los pasos y figuras hacia adelante y hacia atr\u00e1s en esa l\u00ednea recta, sin trasladarse en el espacio de una manera circular o curva. La salsa en l\u00ednea es una caracter\u00edstica tipica de los estilos de salsa que se desarrollaron en Estados Unidos. Estos esitlos de salsa\u2014como la salsa en 2 de Nueva York y la salsa en 1 de Los Angeles\u2014tuvieron influencias del Ballroom, cuyos bailes se bailan en l\u00ednea.<\/p>\n<p>La salsa en L\u00ednea se puede bailar en Tiempo 1 o en Tiempo 2<\/p>\n<\/div>\n<\/div>\n<div class=\"toggle-container rounded-all\"><a href=\"#\" class=\"toggle\"><span class=\"toggle-sign rounded-all\"><\/span><span class=\"toggle-title\">Kizomba<\/span><\/a><\/p>\n<div class=\"toggle-content rounded-bottom\">\n<p>La kizomba es un g\u00e9nero musical de origen angole\u00f1o, una ex-colonia portuguesa. A mediados de los a\u00f1os 80 varios artistas angole\u00f1os comenzaron a crear canciones derivadas de la semba que muy r\u00e1pidamente conquisto el p\u00fablico.<\/p>\n<p>A mediados del a\u00f1o 2008 los portugueses comenzaron a utilizar la expresi\u00f3n \u00abkizomba\u00bb para hacer referencia a un zouk de \u00e9xito confundiendo la kizomba con el zouk. Sin embargo, actualmente se utiliza el t\u00e9rmino indistintamente para hacer referencia a este g\u00e9nero musical.Hoy en d\u00eda han aparecido nuevos subestilos de m\u00fasica Kizomba, como la Tarraxa, que se diferencian en la fuerza de la batida y en el tempo de la m\u00fasica.<br \/>\nNormalmente, se genera un abrazo \u00edntimo; el hombre abraza a la mujer con el brazo derecho y la mujer rodea con su brazo izquierdo el cuello del hombre, apoyando la cabeza con delicadeza en \u00e9l (aunque en Cabo Verde por ejemplo, el contacto estar\u00e1 m\u00e1s centrado en la cadera). El brazo izquierdo del hombre sujeta el derecho de la mujer bloqueando el torso. La conducci\u00f3n del hombre se realiza fundamentalmente a trav\u00e9s del torso, aunque tambi\u00e9n con los brazos y la cadera. En la kizomba, los pasos y las figuras caminadas se realizan con una cadencia pausada al ritmo de la batida (percusi\u00f3n), de modo que el hombre busca normalmente que la mujer camine de la forma m\u00e1s relajada posible, dando pasos peque\u00f1os y proponiendo cambios de ritmo suaves. Se busca siempre que el hombre improvise a partir de la musicalidad, dando al baile una sensaci\u00f3n de gran suavidad y armon\u00eda.<\/p>\n<\/div>\n<\/div>\n<p>&nbsp;<\/p>\n","protected":false},"excerpt":{"rendered":"<p>Bachata La bachata es un ritmo dominicano considerado por muchos como un primo cercano del bolero, con una mezcla de ritmos africanos, tango y cha cha cha. La palabra bachata, a principios del siglo XX era conocida como reuni\u00f3n, baile, juerga, jolgorio, ya que cuando&hellip;<\/p>\n","protected":false},"author":1,"featured_media":0,"parent":0,"menu_order":0,"comment_status":"closed","ping_status":"closed","template":"template_fullwidth.php","meta":{"footnotes":""},"class_list":["post-291","page","type-page","status-publish","hentry"],"_links":{"self":[{"href":"https:\/\/festivalsalserouv.sefuv.com\/index.php?rest_route=\/wp\/v2\/pages\/291","targetHints":{"allow":["GET"]}}],"collection":[{"href":"https:\/\/festivalsalserouv.sefuv.com\/index.php?rest_route=\/wp\/v2\/pages"}],"about":[{"href":"https:\/\/festivalsalserouv.sefuv.com\/index.php?rest_route=\/wp\/v2\/types\/page"}],"author":[{"embeddable":true,"href":"https:\/\/festivalsalserouv.sefuv.com\/index.php?rest_route=\/wp\/v2\/users\/1"}],"replies":[{"embeddable":true,"href":"https:\/\/festivalsalserouv.sefuv.com\/index.php?rest_route=%2Fwp%2Fv2%2Fcomments&post=291"}],"version-history":[{"count":22,"href":"https:\/\/festivalsalserouv.sefuv.com\/index.php?rest_route=\/wp\/v2\/pages\/291\/revisions"}],"predecessor-version":[{"id":701,"href":"https:\/\/festivalsalserouv.sefuv.com\/index.php?rest_route=\/wp\/v2\/pages\/291\/revisions\/701"}],"wp:attachment":[{"href":"https:\/\/festivalsalserouv.sefuv.com\/index.php?rest_route=%2Fwp%2Fv2%2Fmedia&parent=291"}],"curies":[{"name":"wp","href":"https:\/\/api.w.org\/{rel}","templated":true}]}}