{"id":166,"date":"2013-04-12T07:58:18","date_gmt":"2013-04-12T07:58:18","guid":{"rendered":"http:\/\/www.festivalsalserouv.com\/wp\/?page_id=166"},"modified":"2017-01-19T08:31:31","modified_gmt":"2017-01-19T08:31:31","slug":"inscripcion","status":"publish","type":"page","link":"https:\/\/festivalsalserouv.sefuv.com\/?page_id=166","title":{"rendered":"Inscripci\u00f3n"},"content":{"rendered":"<p>La inscripci\u00f3n se abre del 15 de Febrero hasta el 29 de Abril \u00a0(despu\u00e9s de esta fecha se puede poner en contacto con la organizaci\u00f3n).<\/p>\n<h3>NORMAS DE INSCRIPCI\u00d3N:<\/h3>\n<p>Por favor lea las instrucciones.<\/p>\n<ul class=\"bullet-circle\">\n<ul>\n<li>La inscripci\u00f3n se podr\u00e1 realizar mediante un ingreso o transferencia bancaria.<\/li>\n<\/ul>\n<ul>\n<li>Importe 15\u20ac<\/li>\n<\/ul>\n<ul>\n<li>Datos bancarios: SANTANDER IBAN:\u00a0ES94 0049-6721-60-2510022509<\/li>\n<\/ul>\n<ul>\n<li>No olvide poner en el concepto de la transferencia su nombre o el de la persona que vaya a participar ya que muchas veces el pagador y la persona que va a participar no es la misma.<\/li>\n<\/ul>\n<\/ul>\n<p>Si desea asistir s\u00f3lo a las exhibiciones de la sesi\u00f3n de la tarde, el coste de la entrada ser\u00e1 de 8\u20ac.<\/p>\n<p>Si tiene alguna duda o necesita m\u00e1s informaci\u00f3n, por favor contacte con la organizaci\u00f3n.<\/p>\n<h3>Datos de la organizaci\u00f3n:<\/h3>\n<p>Servei d&#8217;Educaci\u00f3 F\u00edsica i Esports<br \/>\nUniversitat de Val\u00e8ncia<br \/>\nMen\u00e9ndez Pelayo,19<br \/>\nValencia 46010<br \/>\nE.mail: m.amparo.llopez@uv.es<br \/>\nTf: +34 963983245 \u2013 Fax: +34 963864299<\/p>\n","protected":false},"excerpt":{"rendered":"<p>La inscripci\u00f3n se abre del 15 de Febrero hasta el 29 de Abril \u00a0(despu\u00e9s de esta fecha se puede poner en contacto con la organizaci\u00f3n). NORMAS DE INSCRIPCI\u00d3N: Por favor lea las instrucciones. La inscripci\u00f3n se podr\u00e1 realizar mediante un ingreso o transferencia bancaria. Importe&hellip;<\/p>\n","protected":false},"author":2,"featured_media":0,"parent":0,"menu_order":0,"comment_status":"closed","ping_status":"closed","template":"template_fullwidth.php","meta":{"footnotes":""},"class_list":["post-166","page","type-page","status-publish","hentry"],"_links":{"self":[{"href":"https:\/\/festivalsalserouv.sefuv.com\/index.php?rest_route=\/wp\/v2\/pages\/166","targetHints":{"allow":["GET"]}}],"collection":[{"href":"https:\/\/festivalsalserouv.sefuv.com\/index.php?rest_route=\/wp\/v2\/pages"}],"about":[{"href":"https:\/\/festivalsalserouv.sefuv.com\/index.php?rest_route=\/wp\/v2\/types\/page"}],"author":[{"embeddable":true,"href":"https:\/\/festivalsalserouv.sefuv.com\/index.php?rest_route=\/wp\/v2\/users\/2"}],"replies":[{"embeddable":true,"href":"https:\/\/festivalsalserouv.sefuv.com\/index.php?rest_route=%2Fwp%2Fv2%2Fcomments&post=166"}],"version-history":[{"count":15,"href":"https:\/\/festivalsalserouv.sefuv.com\/index.php?rest_route=\/wp\/v2\/pages\/166\/revisions"}],"predecessor-version":[{"id":698,"href":"https:\/\/festivalsalserouv.sefuv.com\/index.php?rest_route=\/wp\/v2\/pages\/166\/revisions\/698"}],"wp:attachment":[{"href":"https:\/\/festivalsalserouv.sefuv.com\/index.php?rest_route=%2Fwp%2Fv2%2Fmedia&parent=166"}],"curies":[{"name":"wp","href":"https:\/\/api.w.org\/{rel}","templated":true}]}}