{"id":164,"date":"2013-04-12T07:58:01","date_gmt":"2013-04-12T07:58:01","guid":{"rendered":"http:\/\/www.festivalsalserouv.com\/wp\/?page_id=164"},"modified":"2017-04-18T08:41:30","modified_gmt":"2017-04-18T08:41:30","slug":"programa","status":"publish","type":"page","link":"https:\/\/festivalsalserouv.sefuv.com\/?page_id=164","title":{"rendered":"Programa"},"content":{"rendered":"<p><code>\u00a0<\/code><\/p>\n<h2 style=\"margin-bottom: 10px;\">Programa<\/h2>\n<p><strong>La fecha:<\/strong><br \/>\nEl domingo 30\u00a0de Abril\u00a02017.<\/p>\n<p><strong>La ubicaci\u00f3n de los tallers:<\/strong><br \/>\nServei d&#8217;Educaci\u00f3 F\u00edsica i Esports Universitat de Valencia. Campus de Blasco Ib\u00e1\u00f1ez.<br \/>\nC\/ Men\u00e9ndez y Pelayo, 19. Valencia<\/p>\n<h2 style=\"margin-bottom: 10px;\"><\/h2>\n<h2 style=\"margin-bottom: 10px;\">Talleres:<\/h2>\n<table style=\"white-space: nowrap; border: 1px solid #ffffff; height: 516px;\" border=\"0\" width=\"1314\" cellspacing=\"0\" cellpadding=\"0\">\n<tbody>\n<tr>\n<td><\/td>\n<td style=\"color: #0697d6; border: 1px solid #ffffff; text-align: center; background-color: #efefef;\" valign=\"top\"><b>\u00a0Sala Blanca<\/b><\/td>\n<td style=\"color: #0697d6; border: 1px solid #ffffff; text-align: center; background-color: #efefef;\" valign=\"top\"><b>\u00a0Sala Fusta<\/b><\/td>\n<td style=\"color: #0697d6; border: 1px solid #ffffff; text-align: center; background-color: #efefef;\" valign=\"top\"><b> Pavell\u00f3<\/b><\/td>\n<td style=\"color: #0697d6; border: 1px solid #ffffff; text-align: center; background-color: #efefef;\" valign=\"top\"><b>\u00a0Sala\u00a0Blava<\/b><\/td>\n<td style=\"color: #0697d6; border: 1px solid #ffffff; text-align: center; background-color: #efefef;\" valign=\"top\"><b>Aulari V<\/b><\/td>\n<\/tr>\n<tr>\n<td style=\"border: 1px solid #ffffff; color: #0697d6; padding-left: 10px; padding-right: 10px; vertical-align: top; text-align: center; background-color: #efefef;\" valign=\"top\"><b>11:00 &#8211; 11:50<\/b><\/td>\n<td style=\"border: 1px solid #ffffff; color: #000000; padding-left: 10px; padding-right: 10px; vertical-align: top; text-align: center; background-color: #99ffff;\" valign=\"top\"><span style=\"color: #800000;\"><b>Salsa\u00a0Lineal<\/b><\/span><br \/>\nMedio<br \/>\n<b><i>Tony Garland<\/i><\/b><\/td>\n<td style=\"border: 1px solid #ffffff; color: #000000; padding-left: 10px; padding-right: 10px; vertical-align: top; text-align: center; background-color: #99ffff;\" valign=\"top\"><span style=\"color: #800000;\"><b>Kizomba<\/b><\/span><br \/>\nInicio<br \/>\n<b><i>Adriano y Sarai<\/i><\/b><\/td>\n<td style=\"border: 1px solid #ffffff; color: #000000; padding-left: 10px; padding-right: 10px; vertical-align: top; text-align: center; background-color: #99ffff;\" valign=\"top\"><span style=\"color: #800000;\"><b>Rueda Casino<\/b><\/span><\/p>\n<p><b><i>Ramon y Pilar<\/i><\/b><\/td>\n<td style=\"border: 1px solid #ffffff; color: #000000; padding-left: 10px; padding-right: 10px; vertical-align: top; text-align: center; background-color: #99ffff;\" valign=\"top\"><span style=\"color: #800000;\"><b>Bachata<\/b><\/span><br \/>\n<span style=\"color: #000000;\"> Inicio<\/span><br \/>\n<span style=\"color: #000000;\"><b><i>Anthony y Carla<\/i><\/b><\/span><\/td>\n<td style=\"border: 1px solid #ffffff; color: #000000; padding-left: 10px; padding-right: 10px; vertical-align: top; text-align: center; background-color: #99ffff;\" valign=\"top\"><span style=\"color: #800000;\"><b>Salsa\u00a0Lineal<\/b><\/span><br \/>\nInicio<br \/>\n<b><i>David y Carmen<\/i><\/b><\/td>\n<\/tr>\n<tr>\n<td style=\"border: 1px solid #ffffff; color: #0697d6; padding-left: 10px; padding-right: 10px; vertical-align: top; text-align: center; background-color: #efefef;\" valign=\"top\"><b>12:00 &#8211; 12:50<\/b><\/td>\n<td style=\"border: 1px solid #ffffff; color: #000000; padding-left: 10px; padding-right: 10px; vertical-align: top; text-align: center; background-color: #99ffff;\" valign=\"top\"><span style=\"color: #800000;\"><b>Mambo<\/b><\/span><br \/>\nMedio<br \/>\n<b><i>Abel y Martina<\/i><\/b><\/td>\n<td style=\"border: 1px solid #ffffff; color: #000000; padding-left: 10px; padding-right: 10px; vertical-align: top; text-align: center; background-color: #99ffff;\" valign=\"top\"><span style=\"color: #800000;\"><b>Salsa\u00a0Lineal<\/b><\/span><br \/>\nInicio-Medio<br \/>\n<b style=\"color: #000000;\"><i>Juan Carlos<\/i><\/b><\/td>\n<td style=\"border: 1px solid #ffffff; color: #000000; padding-left: 10px; padding-right: 10px; vertical-align: top; text-align: center; background-color: #99ffff;\" valign=\"top\"><span style=\"color: #800000;\"><b>Rueda Casino<\/b><\/span><\/p>\n<p><strong>Sergio C.<\/strong><\/td>\n<td style=\"border: 1px solid #ffffff; color: #000000; padding-left: 10px; padding-right: 10px; vertical-align: top; text-align: center; background-color: #99ffff;\" valign=\"top\"><span style=\"color: #800000;\"><b>Bachata<\/b><\/span><br \/>\nMedio<br \/>\n<b><i>Ivan Ortega<\/i><\/b><\/td>\n<td style=\"border: 1px solid #ffffff; color: #000000; padding-left: 10px; padding-right: 10px; vertical-align: top; text-align: center; background-color: #99ffff;\" valign=\"top\"><span style=\"color: #800000;\"><b>Acrobacias<\/b><\/span><br \/>\nMedio salsa<br \/>\n<b><i>Jorge e Ilu y Juan J.<\/i><\/b><\/td>\n<\/tr>\n<tr>\n<td style=\"border: 1px solid #FFFFFF; color: #0697d6; padding-left: 10px; padding-right: 10px; vertical-align: top; text-align: center; background-color: #efefef;\" valign=\"top\"><b>13:00 &#8211; 13:50<\/b><\/td>\n<td style=\"color: #000000; padding-left: 10px; padding-right: 10px; vertical-align: top; text-align: center; background-color: #99ffff;\" valign=\"top\"><span style=\"color: #800000;\"><b>Afro Salsa\u00a0<\/b><\/span><br \/>\nInicio<br \/>\n<b><i>L\u00e1zaro<\/i><\/b><\/td>\n<td style=\"border: 1px solid #ffffff; color: #000000; padding-left: 10px; padding-right: 10px; vertical-align: top; text-align: center; background-color: #99ffff;\" valign=\"top\"><span style=\"color: #800000;\"><b>Kizomba<\/b><\/span><br \/>\n<span style=\"color: #000000;\"> Medio<\/span><br \/>\n<b style=\"color: #000000;\"><i>Jeanette y Deborah<\/i><\/b><\/td>\n<td style=\"border: 1px solid #ffffff; color: #000000; padding-left: 10px; padding-right: 10px; vertical-align: top; text-align: center; background-color: #99ffff;\" valign=\"top\"><span style=\"color: #800000;\"><b>Rueda Casino<\/b><\/span><\/p>\n<p><strong>Alain y Eve<\/strong><\/td>\n<td style=\"border: 1px solid #ffffff; color: #000000; padding-left: 10px; padding-right: 10px; vertical-align: top; text-align: center; background-color: #99ffff;\" valign=\"top\"><span style=\"color: #800000;\"><b>Bachata<\/b><\/span><br \/>\nMedio<br \/>\n<b><i>Luis y Sheyla<\/i><\/b><\/td>\n<td style=\"border: 1px solid #ffffff; color: #000000; padding-left: 10px; padding-right: 10px; vertical-align: top; text-align: center; background-color: #99ffff;\" valign=\"top\"><span style=\"color: #800000;\"><b>Mambo<\/b><\/span><br \/>\nInicio<br \/>\n<strong>Agustin y Maria<\/strong><\/td>\n<\/tr>\n<tr>\n<td style=\"border: 1px solid #ffffff; color: #0697d6; padding-left: 10px; padding-right: 10px; vertical-align: top; text-align: center; background-color: #efefef;\" valign=\"top\"><b>14:00 &#8211; 14:50<\/b><\/td>\n<td style=\"border: 1px solid #ffffff; color: #000000; padding-left: 10px; padding-right: 10px; vertical-align: top; text-align: center; background-color: #99ffff;\" valign=\"top\"><span style=\"color: #800000;\"><b>Pachanga<\/b><\/span><br \/>\nInicio<br \/>\n<b><i>Sergi y Marta<\/i><\/b><\/td>\n<td style=\"border: 1px solid #ffffff; color: #000000; padding-left: 10px; padding-right: 10px; vertical-align: top; text-align: center; background-color: #99ffff;\" valign=\"top\"><span style=\"color: #800000;\"><b>Salsa\u00a0Lineal<\/b><\/span><br \/>\nMedio<br \/>\n<b><i>Luis y Alba<\/i><\/b><\/td>\n<td style=\"border: 1px solid #ffffff; color: #000000; padding-left: 10px; padding-right: 10px; vertical-align: top; text-align: center; background-color: #99ffff;\" valign=\"top\"><span style=\"color: #800000;\"><b>Rueda Casino<\/b><\/span><\/p>\n<p><b><i>Fran Ache<\/i><\/b><\/td>\n<td style=\"border: 1px solid #ffffff; color: #000000; padding-left: 10px; padding-right: 10px; vertical-align: top; text-align: center; background-color: #99ffff;\" valign=\"top\"><span style=\"color: #800000;\"><b>Bachata<\/b><\/span><br \/>\nAvanzado<br \/>\n<b><i>Ivan y Maria<\/i><\/b><\/td>\n<td style=\"border: 1px solid #FFFFFF; color: #000000; padding-left: 10px; padding-right: 10px; vertical-align: top; text-align: center; background-color: #99ffff;\" valign=\"top\"><span style=\"color: #800000;\"><b>Mambo<\/b><\/span><br \/>\nMambo Inicio<br \/>\n<b><i>Jordi<\/i><\/b><\/td>\n<\/tr>\n<tr>\n<td style=\"border: 1px solid #ffffff; color: #0697d6; padding-left: 10px; padding-right: 10px; vertical-align: top; text-align: center; background-color: #efefef;\" valign=\"top\"><b>16:30 &#8211; 17:20<\/b><\/td>\n<td style=\"border: 1px solid #ffffff; color: #000000; padding-left: 10px; padding-right: 10px; vertical-align: top; text-align: center; background-color: #99ffff;\" valign=\"top\"><span style=\"color: #800000;\"><span style=\"color: #800000;\"><b>Diferencia Salsa<br \/>\n<span style=\"color: #800000;\"><b> Cubana, Timba y Casino<\/b><\/span><\/b><\/span><\/span><br \/>\n<b><i>Pedro Nowak<\/i><\/b><\/td>\n<td style=\"border: 1px solid #ffffff; color: #000000; padding-left: 10px; padding-right: 10px; vertical-align: top; text-align: center; background-color: #99ffff;\" valign=\"top\"><span style=\"color: #800000;\"><b>Musicalidad para <\/b><\/span><br \/>\n<span style=\"color: #800000;\"><b>el bailador con musica<\/b><\/span><br \/>\n<span style=\"color: #800000;\"><b> en directo<\/b><\/span><br \/>\n<b><i>Manuel Mascarell<\/i><\/b><\/td>\n<\/tr>\n<\/tbody>\n<\/table>\n<h2 style=\"margin-bottom: 10px; text-align: left;\"><\/h2>\n<h2 style=\"margin-bottom: 10px; text-align: left;\">Exhibiciones y Baile Social<\/h2>\n<p style=\"color: #000000;\"><span style=\"color: #0697d6; padding-left: 10px; padding-right: 10px;\"><b>17:30 &#8211; 18:30<\/b><\/span>\u00a0Exhibiciones<\/p>\n<p style=\"color: #000000;\"><span style=\"color: #0697d6; padding-left: 10px; padding-right: 10px;\"><b>18:30 &#8211; 22:00<\/b><\/span> Baile Social<\/p>\n","protected":false},"excerpt":{"rendered":"<p>\u00a0 Programa La fecha: El domingo 30\u00a0de Abril\u00a02017. La ubicaci\u00f3n de los tallers: Servei d&#8217;Educaci\u00f3 F\u00edsica i Esports Universitat de Valencia. Campus de Blasco Ib\u00e1\u00f1ez. C\/ Men\u00e9ndez y Pelayo, 19. Valencia Talleres: \u00a0Sala Blanca \u00a0Sala Fusta Pavell\u00f3 \u00a0Sala\u00a0Blava Aulari V 11:00 &#8211; 11:50 Salsa\u00a0Lineal Medio&hellip;<\/p>\n","protected":false},"author":2,"featured_media":0,"parent":0,"menu_order":0,"comment_status":"closed","ping_status":"closed","template":"","meta":{"footnotes":""},"class_list":["post-164","page","type-page","status-publish","hentry"],"_links":{"self":[{"href":"https:\/\/festivalsalserouv.sefuv.com\/index.php?rest_route=\/wp\/v2\/pages\/164","targetHints":{"allow":["GET"]}}],"collection":[{"href":"https:\/\/festivalsalserouv.sefuv.com\/index.php?rest_route=\/wp\/v2\/pages"}],"about":[{"href":"https:\/\/festivalsalserouv.sefuv.com\/index.php?rest_route=\/wp\/v2\/types\/page"}],"author":[{"embeddable":true,"href":"https:\/\/festivalsalserouv.sefuv.com\/index.php?rest_route=\/wp\/v2\/users\/2"}],"replies":[{"embeddable":true,"href":"https:\/\/festivalsalserouv.sefuv.com\/index.php?rest_route=%2Fwp%2Fv2%2Fcomments&post=164"}],"version-history":[{"count":92,"href":"https:\/\/festivalsalserouv.sefuv.com\/index.php?rest_route=\/wp\/v2\/pages\/164\/revisions"}],"predecessor-version":[{"id":996,"href":"https:\/\/festivalsalserouv.sefuv.com\/index.php?rest_route=\/wp\/v2\/pages\/164\/revisions\/996"}],"wp:attachment":[{"href":"https:\/\/festivalsalserouv.sefuv.com\/index.php?rest_route=%2Fwp%2Fv2%2Fmedia&parent=164"}],"curies":[{"name":"wp","href":"https:\/\/api.w.org\/{rel}","templated":true}]}}